{"id":565,"date":"2024-06-22T22:30:40","date_gmt":"2024-06-22T22:30:40","guid":{"rendered":"https:\/\/www.modest-mayer.38-242-248-109.plesk.page\/?page_id=565"},"modified":"2024-07-26T21:00:10","modified_gmt":"2024-07-26T19:00:10","slug":"dienstleistungen","status":"publish","type":"page","link":"https:\/\/metepersonal.com\/en\/dienstleistungen\/","title":{"rendered":"Solutions"},"content":{"rendered":"\t\t<div data-elementor-type=\"wp-page\" data-elementor-id=\"565\" class=\"elementor elementor-565\">\n\t\t\t\t<div class=\"elementor-element elementor-element-f45f686 e-flex e-con-boxed e-con e-parent\" data-id=\"f45f686\" data-element_type=\"container\" data-e-type=\"container\" data-settings=\"{&quot;background_background&quot;:&quot;classic&quot;}\">\n\t\t\t\t\t<div class=\"e-con-inner\">\n\t\t\t\t<div class=\"elementor-element elementor-element-87dcce2 elementor-widget elementor-widget-heading\" data-id=\"87dcce2\" data-element_type=\"widget\" data-e-type=\"widget\" data-widget_type=\"heading.default\">\n\t\t\t\t<div class=\"elementor-widget-container\">\n\t\t\t\t\t<div class=\"elementor-heading-title elementor-size-default\">Mete Personal - Dienstleistungen<\/div>\t\t\t\t<\/div>\n\t\t\t\t<\/div>\n\t\t\t\t<div class=\"elementor-element elementor-element-5050c2d elementor-widget__width-initial elementor-widget elementor-widget-heading\" data-id=\"5050c2d\" data-element_type=\"widget\" data-e-type=\"widget\" data-widget_type=\"heading.default\">\n\t\t\t\t<div class=\"elementor-widget-container\">\n\t\t\t\t\t<h1 class=\"elementor-heading-title elementor-size-default\">METE Personal verf\u00fcgt \u00fcber Insiderwissen, ein gro\u00dfes Netzwerk &amp; kennt aktuelle Trends im Personalbereich sowie die regionalen europ\u00e4ischen Arbeitsm\u00e4rkte &amp; deren Rahmenbedingungen.<\/h1>\t\t\t\t<\/div>\n\t\t\t\t<\/div>\n\t\t\t\t\t<\/div>\n\t\t\t\t<\/div>\n\t\t<div class=\"elementor-element elementor-element-a0d5f09 e-flex e-con-boxed e-con e-parent\" data-id=\"a0d5f09\" data-element_type=\"container\" data-e-type=\"container\" data-settings=\"{&quot;background_background&quot;:&quot;classic&quot;}\">\n\t\t\t\t\t<div class=\"e-con-inner\">\n\t\t\t\t\t<\/div>\n\t\t\t\t<\/div>\n\t\t<div class=\"elementor-element elementor-element-2994fbf e-flex e-con-boxed e-con e-parent\" data-id=\"2994fbf\" data-element_type=\"container\" data-e-type=\"container\">\n\t\t\t\t\t<div class=\"e-con-inner\">\n\t\t<div class=\"elementor-element elementor-element-8c10564 e-con-full e-flex e-con e-child\" data-id=\"8c10564\" data-element_type=\"container\" data-e-type=\"container\">\n\t\t\t\t<\/div>\n\t\t\t\t\t<\/div>\n\t\t\t\t<\/div>\n\t\t<div class=\"elementor-element elementor-element-d3665c1 e-flex e-con-boxed e-con e-parent\" data-id=\"d3665c1\" data-element_type=\"container\" data-e-type=\"container\">\n\t\t\t\t\t<div class=\"e-con-inner\">\n\t\t<div class=\"elementor-element elementor-element-ca883b2 e-con-full e-flex e-con e-child\" data-id=\"ca883b2\" data-element_type=\"container\" data-e-type=\"container\">\n\t\t\t\t<div class=\"elementor-element elementor-element-61a2f32 elementor-widget__width-initial elementor-view-default elementor-widget elementor-widget-icon\" data-id=\"61a2f32\" data-element_type=\"widget\" data-e-type=\"widget\" data-widget_type=\"icon.default\">\n\t\t\t\t<div class=\"elementor-widget-container\">\n\t\t\t\t\t\t\t<div class=\"elementor-icon-wrapper\">\n\t\t\t<div class=\"elementor-icon\">\n\t\t\t<svg aria-hidden=\"true\" class=\"e-font-icon-svg e-fas-search\" viewBox=\"0 0 512 512\" xmlns=\"http:\/\/www.w3.org\/2000\/svg\"><path d=\"M505 442.7L405.3 343c-4.5-4.5-10.6-7-17-7H372c27.6-35.3 44-79.7 44-128C416 93.1 322.9 0 208 0S0 93.1 0 208s93.1 208 208 208c48.3 0 92.7-16.4 128-44v16.3c0 6.4 2.5 12.5 7 17l99.7 99.7c9.4 9.4 24.6 9.4 33.9 0l28.3-28.3c9.4-9.4 9.4-24.6.1-34zM208 336c-70.7 0-128-57.2-128-128 0-70.7 57.2-128 128-128 70.7 0 128 57.2 128 128 0 70.7-57.2 128-128 128z\"><\/path><\/svg>\t\t\t<\/div>\n\t\t<\/div>\n\t\t\t\t\t\t<\/div>\n\t\t\t\t<\/div>\n\t\t\t\t<div class=\"elementor-element elementor-element-0c7f9ea elementor-widget elementor-widget-heading\" data-id=\"0c7f9ea\" data-element_type=\"widget\" data-e-type=\"widget\" data-widget_type=\"heading.default\">\n\t\t\t\t<div class=\"elementor-widget-container\">\n\t\t\t\t\t<h5 class=\"elementor-heading-title elementor-size-default\">1. Gezielte Suche<\/h5>\t\t\t\t<\/div>\n\t\t\t\t<\/div>\n\t\t\t\t<div class=\"elementor-element elementor-element-d220be4 elementor-widget elementor-widget-text-editor\" data-id=\"d220be4\" data-element_type=\"widget\" data-e-type=\"widget\" data-widget_type=\"text-editor.default\">\n\t\t\t\t<div class=\"elementor-widget-container\">\n\t\t\t\t\t\t\t\t\t<p>Wir suchen weltweit nach Fachkr\u00e4ften, die genau Ihren Anforderungen entsprechen. Egal ob Management-Funktionen, Vertrieb und Marketing, Ingenieurwesen, Consulting, IT, Technik, Bau, Medizinpersonal oder sonstige Berufsfelder \u2013 wir finden die richtigen Kandidaten f\u00fcr Sie.<\/p>\t\t\t\t\t\t\t\t<\/div>\n\t\t\t\t<\/div>\n\t\t\t\t<\/div>\n\t\t<div class=\"elementor-element elementor-element-9cf8930 e-con-full e-flex e-con e-child\" data-id=\"9cf8930\" data-element_type=\"container\" data-e-type=\"container\">\n\t\t\t\t<div class=\"elementor-element elementor-element-e39a3d2 elementor-widget__width-initial elementor-view-default elementor-widget elementor-widget-icon\" data-id=\"e39a3d2\" data-element_type=\"widget\" data-e-type=\"widget\" data-widget_type=\"icon.default\">\n\t\t\t\t<div class=\"elementor-widget-container\">\n\t\t\t\t\t\t\t<div class=\"elementor-icon-wrapper\">\n\t\t\t<div class=\"elementor-icon\">\n\t\t\t<svg aria-hidden=\"true\" class=\"e-font-icon-svg e-far-hand-rock\" viewBox=\"0 0 512 512\" xmlns=\"http:\/\/www.w3.org\/2000\/svg\"><path d=\"M408.864 79.052c-22.401-33.898-66.108-42.273-98.813-23.588-29.474-31.469-79.145-31.093-108.334-.022-47.16-27.02-108.71 5.055-110.671 60.806C44.846 105.407 0 140.001 0 187.429v56.953c0 32.741 14.28 63.954 39.18 85.634l97.71 85.081c4.252 3.702 3.11 5.573 3.11 32.903 0 17.673 14.327 32 32 32h252c17.673 0 32-14.327 32-32 0-23.513-1.015-30.745 3.982-42.37l42.835-99.656c6.094-14.177 9.183-29.172 9.183-44.568V146.963c0-52.839-54.314-88.662-103.136-67.911zM464 261.406a64.505 64.505 0 0 1-5.282 25.613l-42.835 99.655c-5.23 12.171-7.883 25.04-7.883 38.25V432H188v-10.286c0-16.37-7.14-31.977-19.59-42.817l-97.71-85.08C56.274 281.255 48 263.236 48 244.381v-56.953c0-33.208 52-33.537 52 .677v41.228a16 16 0 0 0 5.493 12.067l7 6.095A16 16 0 0 0 139 235.429V118.857c0-33.097 52-33.725 52 .677v26.751c0 8.836 7.164 16 16 16h7c8.836 0 16-7.164 16-16v-41.143c0-33.134 52-33.675 52 .677v40.466c0 8.836 7.163 16 16 16h7c8.837 0 16-7.164 16-16v-27.429c0-33.03 52-33.78 52 .677v26.751c0 8.836 7.163 16 16 16h7c8.837 0 16-7.164 16-16 0-33.146 52-33.613 52 .677v114.445z\"><\/path><\/svg>\t\t\t<\/div>\n\t\t<\/div>\n\t\t\t\t\t\t<\/div>\n\t\t\t\t<\/div>\n\t\t\t\t<div class=\"elementor-element elementor-element-ef6b9f7 elementor-widget elementor-widget-heading\" data-id=\"ef6b9f7\" data-element_type=\"widget\" data-e-type=\"widget\" data-widget_type=\"heading.default\">\n\t\t\t\t<div class=\"elementor-widget-container\">\n\t\t\t\t\t<h5 class=\"elementor-heading-title elementor-size-default\">2. Professionelle Karriereberatung<\/h5>\t\t\t\t<\/div>\n\t\t\t\t<\/div>\n\t\t\t\t<div class=\"elementor-element elementor-element-7fd7e21 elementor-widget elementor-widget-text-editor\" data-id=\"7fd7e21\" data-element_type=\"widget\" data-e-type=\"widget\" data-widget_type=\"text-editor.default\">\n\t\t\t\t<div class=\"elementor-widget-container\">\n\t\t\t\t\t\t\t\t\t<div class=\"flex flex-grow flex-col max-w-full\"><div class=\"min-h-[20px] text-message flex w-full flex-col items-end gap-2 whitespace-pre-wrap break-words [.text-message+&amp;]:mt-5 overflow-x-auto\" dir=\"auto\" data-message-author-role=\"assistant\" data-message-id=\"20aa12e6-1bc6-47f0-be44-2a0978a72c62\"><div class=\"flex w-full flex-col gap-1 empty:hidden first:pt-[3px]\"><div class=\"markdown prose w-full break-words dark:prose-invert dark\"><div class=\"flex-shrink-0 flex flex-col relative items-end\"><div><div class=\"pt-0\"><div class=\"gizmo-bot-avatar flex h-8 w-8 items-center justify-center overflow-hidden rounded-full\"><div class=\"relative p-1 rounded-sm flex items-center justify-center bg-token-main-surface-primary text-token-text-primary h-8 w-8\">Wir unterst\u00fctzen sowohl Unternehmen als auch Kandidaten bei allen Aspekten des Visums- und Einwanderungsprozesses, inklusive Beratung und Dokumentation, um einen reibungslosen \u00dcbergang zu gew\u00e4hrleisten.<\/div><\/div><\/div><\/div><\/div><\/div><\/div><\/div><\/div>\t\t\t\t\t\t\t\t<\/div>\n\t\t\t\t<\/div>\n\t\t\t\t<\/div>\n\t\t<div class=\"elementor-element elementor-element-1f9e210 e-con-full e-flex e-con e-child\" data-id=\"1f9e210\" data-element_type=\"container\" data-e-type=\"container\">\n\t\t\t\t<div class=\"elementor-element elementor-element-89be3f4 elementor-widget__width-initial elementor-view-default elementor-widget elementor-widget-icon\" data-id=\"89be3f4\" data-element_type=\"widget\" data-e-type=\"widget\" data-widget_type=\"icon.default\">\n\t\t\t\t<div class=\"elementor-widget-container\">\n\t\t\t\t\t\t\t<div class=\"elementor-icon-wrapper\">\n\t\t\t<div class=\"elementor-icon\">\n\t\t\t<svg aria-hidden=\"true\" class=\"e-font-icon-svg e-fas-glasses\" viewBox=\"0 0 576 512\" xmlns=\"http:\/\/www.w3.org\/2000\/svg\"><path d=\"M574.1 280.37L528.75 98.66c-5.91-23.7-21.59-44.05-43-55.81-21.44-11.73-46.97-14.11-70.19-6.33l-15.25 5.08c-8.39 2.79-12.92 11.86-10.12 20.24l5.06 15.18c2.79 8.38 11.85 12.91 20.23 10.12l13.18-4.39c10.87-3.62 23-3.57 33.16 1.73 10.29 5.37 17.57 14.56 20.37 25.82l38.46 153.82c-22.19-6.81-49.79-12.46-81.2-12.46-34.77 0-73.98 7.02-114.85 26.74h-73.18c-40.87-19.74-80.08-26.75-114.86-26.75-31.42 0-59.02 5.65-81.21 12.46l38.46-153.83c2.79-11.25 10.09-20.45 20.38-25.81 10.16-5.3 22.28-5.35 33.15-1.73l13.17 4.39c8.38 2.79 17.44-1.74 20.23-10.12l5.06-15.18c2.8-8.38-1.73-17.45-10.12-20.24l-15.25-5.08c-23.22-7.78-48.75-5.41-70.19 6.33-21.41 11.77-37.09 32.11-43 55.8L1.9 280.37A64.218 64.218 0 0 0 0 295.86v70.25C0 429.01 51.58 480 115.2 480h37.12c60.28 0 110.37-45.94 114.88-105.37l2.93-38.63h35.75l2.93 38.63C313.31 434.06 363.4 480 423.68 480h37.12c63.62 0 115.2-50.99 115.2-113.88v-70.25c0-5.23-.64-10.43-1.9-15.5zm-370.72 89.42c-1.97 25.91-24.4 46.21-51.06 46.21H115.2C86.97 416 64 393.62 64 366.11v-37.54c18.12-6.49 43.42-12.92 72.58-12.92 23.86 0 47.26 4.33 69.93 12.92l-3.13 41.22zM512 366.12c0 27.51-22.97 49.88-51.2 49.88h-37.12c-26.67 0-49.1-20.3-51.06-46.21l-3.13-41.22c22.67-8.59 46.08-12.92 69.95-12.92 29.12 0 54.43 6.44 72.55 12.93v37.54z\"><\/path><\/svg>\t\t\t<\/div>\n\t\t<\/div>\n\t\t\t\t\t\t<\/div>\n\t\t\t\t<\/div>\n\t\t\t\t<div class=\"elementor-element elementor-element-3880a98 elementor-widget elementor-widget-heading\" data-id=\"3880a98\" data-element_type=\"widget\" data-e-type=\"widget\" data-widget_type=\"heading.default\">\n\t\t\t\t<div class=\"elementor-widget-container\">\n\t\t\t\t\t<h5 class=\"elementor-heading-title elementor-size-default\">3. Kulturelle Integration<\/h5>\t\t\t\t<\/div>\n\t\t\t\t<\/div>\n\t\t\t\t<div class=\"elementor-element elementor-element-0283b64 elementor-widget elementor-widget-text-editor\" data-id=\"0283b64\" data-element_type=\"widget\" data-e-type=\"widget\" data-widget_type=\"text-editor.default\">\n\t\t\t\t<div class=\"elementor-widget-container\">\n\t\t\t\t\t\t\t\t\t<div class=\"flex-shrink-0 flex flex-col relative items-end\"><div><div class=\"pt-0.5 juice:pt-0\"><div class=\"gizmo-bot-avatar flex h-6 w-6 items-center justify-center overflow-hidden rounded-full juice:h-8 juice:w-8\"><div class=\"relative p-1 rounded-sm flex items-center justify-center bg-token-main-surface-primary text-token-text-primary h-8 w-8\">Wir unterst\u00fctzen die kulturelle Integration ausl\u00e4ndischer Fachkr\u00e4fte f\u00fcr einen nahtlosen \u00dcbergang in Ihr Unternehmen. Sie bereichern Ihr Team mit vielf\u00e4ltigen F\u00e4higkeiten und Perspektiven und st\u00e4rken Ihre Wettbewerbsf\u00e4higkeit global.<\/div><\/div><\/div><\/div><\/div>\t\t\t\t\t\t\t\t<\/div>\n\t\t\t\t<\/div>\n\t\t\t\t<\/div>\n\t\t<div class=\"elementor-element elementor-element-b5e5610 e-con-full e-flex e-con e-child\" data-id=\"b5e5610\" data-element_type=\"container\" data-e-type=\"container\">\n\t\t\t\t<div class=\"elementor-element elementor-element-9e3624f elementor-widget__width-initial elementor-view-default elementor-widget elementor-widget-icon\" data-id=\"9e3624f\" data-element_type=\"widget\" data-e-type=\"widget\" data-widget_type=\"icon.default\">\n\t\t\t\t<div class=\"elementor-widget-container\">\n\t\t\t\t\t\t\t<div class=\"elementor-icon-wrapper\">\n\t\t\t<div class=\"elementor-icon\">\n\t\t\t<svg aria-hidden=\"true\" class=\"e-font-icon-svg e-far-comment-dots\" viewBox=\"0 0 512 512\" xmlns=\"http:\/\/www.w3.org\/2000\/svg\"><path d=\"M144 208c-17.7 0-32 14.3-32 32s14.3 32 32 32 32-14.3 32-32-14.3-32-32-32zm112 0c-17.7 0-32 14.3-32 32s14.3 32 32 32 32-14.3 32-32-14.3-32-32-32zm112 0c-17.7 0-32 14.3-32 32s14.3 32 32 32 32-14.3 32-32-14.3-32-32-32zM256 32C114.6 32 0 125.1 0 240c0 47.6 19.9 91.2 52.9 126.3C38 405.7 7 439.1 6.5 439.5c-6.6 7-8.4 17.2-4.6 26S14.4 480 24 480c61.5 0 110-25.7 139.1-46.3C192 442.8 223.2 448 256 448c141.4 0 256-93.1 256-208S397.4 32 256 32zm0 368c-26.7 0-53.1-4.1-78.4-12.1l-22.7-7.2-19.5 13.8c-14.3 10.1-33.9 21.4-57.5 29 7.3-12.1 14.4-25.7 19.9-40.2l10.6-28.1-20.6-21.8C69.7 314.1 48 282.2 48 240c0-88.2 93.3-160 208-160s208 71.8 208 160-93.3 160-208 160z\"><\/path><\/svg>\t\t\t<\/div>\n\t\t<\/div>\n\t\t\t\t\t\t<\/div>\n\t\t\t\t<\/div>\n\t\t\t\t<div class=\"elementor-element elementor-element-d8ab392 elementor-widget elementor-widget-heading\" data-id=\"d8ab392\" data-element_type=\"widget\" data-e-type=\"widget\" data-widget_type=\"heading.default\">\n\t\t\t\t<div class=\"elementor-widget-container\">\n\t\t\t\t\t<h5 class=\"elementor-heading-title elementor-size-default\">4. Mehrsprachig<\/h5>\t\t\t\t<\/div>\n\t\t\t\t<\/div>\n\t\t\t\t<div class=\"elementor-element elementor-element-c32caf5 elementor-widget elementor-widget-text-editor\" data-id=\"c32caf5\" data-element_type=\"widget\" data-e-type=\"widget\" data-widget_type=\"text-editor.default\">\n\t\t\t\t<div class=\"elementor-widget-container\">\n\t\t\t\t\t\t\t\t\t<div class=\"flex-shrink-0 flex flex-col relative items-end\"><div class=\"pt-0\"><div class=\"gizmo-bot-avatar flex h-8 w-8 items-center justify-center overflow-hidden rounded-full\"><div class=\"relative p-1 rounded-sm flex items-center justify-center bg-token-main-surface-primary text-token-text-primary h-8 w-8\">Eine besondere St\u00e4rke ist die vielsprachige Beratung; neben der deutschen Sprache beraten wir Sie auch umfassend und individuell in englischer, t\u00fcrkischer sowie franz\u00f6sischer Sprache.<\/div><\/div><\/div><\/div>\t\t\t\t\t\t\t\t<\/div>\n\t\t\t\t<\/div>\n\t\t\t\t<\/div>\n\t\t<div class=\"elementor-element elementor-element-eb9a9c6 e-con-full e-flex e-con e-child\" data-id=\"eb9a9c6\" data-element_type=\"container\" data-e-type=\"container\">\n\t\t\t\t<div class=\"elementor-element elementor-element-cca3dcb elementor-widget__width-initial elementor-view-default elementor-widget elementor-widget-icon\" data-id=\"cca3dcb\" data-element_type=\"widget\" data-e-type=\"widget\" data-widget_type=\"icon.default\">\n\t\t\t\t<div class=\"elementor-widget-container\">\n\t\t\t\t\t\t\t<div class=\"elementor-icon-wrapper\">\n\t\t\t<div class=\"elementor-icon\">\n\t\t\t<svg aria-hidden=\"true\" class=\"e-font-icon-svg e-far-user\" viewBox=\"0 0 448 512\" xmlns=\"http:\/\/www.w3.org\/2000\/svg\"><path d=\"M313.6 304c-28.7 0-42.5 16-89.6 16-47.1 0-60.8-16-89.6-16C60.2 304 0 364.2 0 438.4V464c0 26.5 21.5 48 48 48h352c26.5 0 48-21.5 48-48v-25.6c0-74.2-60.2-134.4-134.4-134.4zM400 464H48v-25.6c0-47.6 38.8-86.4 86.4-86.4 14.6 0 38.3 16 89.6 16 51.7 0 74.9-16 89.6-16 47.6 0 86.4 38.8 86.4 86.4V464zM224 288c79.5 0 144-64.5 144-144S303.5 0 224 0 80 64.5 80 144s64.5 144 144 144zm0-240c52.9 0 96 43.1 96 96s-43.1 96-96 96-96-43.1-96-96 43.1-96 96-96z\"><\/path><\/svg>\t\t\t<\/div>\n\t\t<\/div>\n\t\t\t\t\t\t<\/div>\n\t\t\t\t<\/div>\n\t\t\t\t<div class=\"elementor-element elementor-element-1accc1d elementor-widget elementor-widget-heading\" data-id=\"1accc1d\" data-element_type=\"widget\" data-e-type=\"widget\" data-widget_type=\"heading.default\">\n\t\t\t\t<div class=\"elementor-widget-container\">\n\t\t\t\t\t<h5 class=\"elementor-heading-title elementor-size-default\">5. F\u00fcr Kandidaten<\/h5>\t\t\t\t<\/div>\n\t\t\t\t<\/div>\n\t\t\t\t<div class=\"elementor-element elementor-element-dcafc05 elementor-widget elementor-widget-text-editor\" data-id=\"dcafc05\" data-element_type=\"widget\" data-e-type=\"widget\" data-widget_type=\"text-editor.default\">\n\t\t\t\t<div class=\"elementor-widget-container\">\n\t\t\t\t\t\t\t\t\t<p>Ihre Bewerbungsunterlagen sind entscheidend daf\u00fcr, ob Sie bei der Bewerbung weiterkommen. Wir erstellen individuelle, professionelle Bewerbungsunterlagen in vielen Sprachen.<\/p>\t\t\t\t\t\t\t\t<\/div>\n\t\t\t\t<\/div>\n\t\t\t\t<\/div>\n\t\t\t\t\t<\/div>\n\t\t\t\t<\/div>\n\t\t<div class=\"elementor-element elementor-element-aec7e7c elementor-hidden-mobile e-flex e-con-boxed e-con e-parent\" data-id=\"aec7e7c\" data-element_type=\"container\" data-e-type=\"container\">\n\t\t\t\t\t<div class=\"e-con-inner\">\n\t\t<div class=\"elementor-element elementor-element-1e607b7 e-con-full e-flex e-con e-child\" data-id=\"1e607b7\" data-element_type=\"container\" data-e-type=\"container\">\n\t\t\t\t<\/div>\n\t\t\t\t\t<\/div>\n\t\t\t\t<\/div>\n\t\t<div class=\"elementor-element elementor-element-e5687a8 e-flex e-con-boxed e-con e-parent\" data-id=\"e5687a8\" data-element_type=\"container\" data-e-type=\"container\" data-settings=\"{&quot;background_background&quot;:&quot;classic&quot;}\">\n\t\t\t\t\t<div class=\"e-con-inner\">\n\t\t\t\t<div class=\"elementor-element elementor-element-6ff5ad6 elementor-widget elementor-widget-heading\" data-id=\"6ff5ad6\" data-element_type=\"widget\" data-e-type=\"widget\" data-widget_type=\"heading.default\">\n\t\t\t\t<div class=\"elementor-widget-container\">\n\t\t\t\t\t<h1 class=\"elementor-heading-title elementor-size-default\">Ihr vertrauensw\u00fcrdiger Partner  <br \/>\nf\u00fcr internationale Personalvermittlung!<\/h1>\t\t\t\t<\/div>\n\t\t\t\t<\/div>\n\t\t\t\t<div class=\"elementor-element elementor-element-a1fe555 elementor-widget__width-initial elementor-widget elementor-widget-text-editor\" data-id=\"a1fe555\" data-element_type=\"widget\" data-e-type=\"widget\" data-widget_type=\"text-editor.default\">\n\t\t\t\t<div class=\"elementor-widget-container\">\n\t\t\t\t\t\t\t\t\t<p>Kontaktieren Sie uns noch heute, um die besten Fachkr\u00e4fte f\u00fcr Ihr Unternehmen zu finden und Ihre Wettbewerbsf\u00e4higkeit zu steigern!<\/p>\t\t\t\t\t\t\t\t<\/div>\n\t\t\t\t<\/div>\n\t\t\t\t<div class=\"elementor-element elementor-element-6d37368 elementor-widget elementor-widget-button\" data-id=\"6d37368\" data-element_type=\"widget\" data-e-type=\"widget\" data-widget_type=\"button.default\">\n\t\t\t\t<div class=\"elementor-widget-container\">\n\t\t\t\t\t\t\t\t\t<div class=\"elementor-button-wrapper\">\n\t\t\t\t\t<a class=\"elementor-button elementor-button-link elementor-size-sm\" href=\"\/kontakt\">\n\t\t\t\t\t\t<span class=\"elementor-button-content-wrapper\">\n\t\t\t\t\t\t<span class=\"elementor-button-icon\">\n\t\t\t\t<svg aria-hidden=\"true\" class=\"e-font-icon-svg e-fas-chevron-right\" viewBox=\"0 0 320 512\" xmlns=\"http:\/\/www.w3.org\/2000\/svg\"><path d=\"M285.476 272.971L91.132 467.314c-9.373 9.373-24.569 9.373-33.941 0l-22.667-22.667c-9.357-9.357-9.375-24.522-.04-33.901L188.505 256 34.484 101.255c-9.335-9.379-9.317-24.544.04-33.901l22.667-22.667c9.373-9.373 24.569-9.373 33.941 0L285.475 239.03c9.373 9.372 9.373 24.568.001 33.941z\"><\/path><\/svg>\t\t\t<\/span>\n\t\t\t\t\t\t\t\t\t<span class=\"elementor-button-text\">Kontakt aufnehmen<\/span>\n\t\t\t\t\t<\/span>\n\t\t\t\t\t<\/a>\n\t\t\t\t<\/div>\n\t\t\t\t\t\t\t\t<\/div>\n\t\t\t\t<\/div>\n\t\t\t\t\t<\/div>\n\t\t\t\t<\/div>\n\t\t\t\t<\/div>\n\t\t","protected":false},"excerpt":{"rendered":"<p>Mete Personal &#8211; Dienstleistungen METE Personal verf\u00fcgt \u00fcber Insiderwissen, ein gro\u00dfes Netzwerk &amp; kennt aktuelle Trends im Personalbereich sowie die regionalen europ\u00e4ischen Arbeitsm\u00e4rkte &amp; deren Rahmenbedingungen. 1. Gezielte Suche Wir&#46;&#46;&#46;<\/p>","protected":false},"author":1,"featured_media":0,"parent":0,"menu_order":0,"comment_status":"closed","ping_status":"closed","template":"full-width.php","meta":{"footnotes":""},"class_list":["post-565","page","type-page","status-publish","hentry"],"aioseo_notices":[],"_links":{"self":[{"href":"https:\/\/metepersonal.com\/en\/wp-json\/wp\/v2\/pages\/565","targetHints":{"allow":["GET"]}}],"collection":[{"href":"https:\/\/metepersonal.com\/en\/wp-json\/wp\/v2\/pages"}],"about":[{"href":"https:\/\/metepersonal.com\/en\/wp-json\/wp\/v2\/types\/page"}],"author":[{"embeddable":true,"href":"https:\/\/metepersonal.com\/en\/wp-json\/wp\/v2\/users\/1"}],"replies":[{"embeddable":true,"href":"https:\/\/metepersonal.com\/en\/wp-json\/wp\/v2\/comments?post=565"}],"version-history":[{"count":24,"href":"https:\/\/metepersonal.com\/en\/wp-json\/wp\/v2\/pages\/565\/revisions"}],"predecessor-version":[{"id":2943,"href":"https:\/\/metepersonal.com\/en\/wp-json\/wp\/v2\/pages\/565\/revisions\/2943"}],"wp:attachment":[{"href":"https:\/\/metepersonal.com\/en\/wp-json\/wp\/v2\/media?parent=565"}],"curies":[{"name":"wp","href":"https:\/\/api.w.org\/{rel}","templated":true}]}}