{"id":2,"date":"2024-06-22T16:31:57","date_gmt":"2024-06-22T16:31:57","guid":{"rendered":"https:\/\/www.modest-mayer.38-242-248-109.plesk.page\/?page_id=2"},"modified":"2024-07-24T02:39:15","modified_gmt":"2024-07-24T00:39:15","slug":"agb","status":"publish","type":"page","link":"https:\/\/metepersonal.com\/en\/agb\/","title":{"rendered":"GENERAL TERMS AND CONDITIONS (GTC) FOR PERSONNEL PLACEMENT"},"content":{"rendered":"<div data-elementor-type=\"wp-page\" data-elementor-id=\"2\" class=\"elementor elementor-2\">\n\t\t\t\t<div class=\"elementor-element elementor-element-165d2a8 e-flex e-con-boxed e-con e-parent\" data-id=\"165d2a8\" data-element_type=\"container\" data-e-type=\"container\">\n\t\t\t\t\t<div class=\"e-con-inner\">\n\t\t\t\t<div class=\"elementor-element elementor-element-e86b128 elementor-widget elementor-widget-text-editor\" data-id=\"e86b128\" data-element_type=\"widget\" data-e-type=\"widget\" data-widget_type=\"text-editor.default\">\n\t\t\t\t<div class=\"elementor-widget-container\">\n\t\t\t\t\t\t\t\t\t<p>Stand: Juli 2024<\/p><p>Wir legen gro\u00dfen Wert auf geschlechtliche Gleichberechtigung. Aufgrund der Lesbarkeit wird in diesem Dokument jedoch nur eine Geschlechtsform gew\u00e4hlt. Dies impliziert keine Benachteiligung des jeweils anderen Geschlechts.<\/p>\n<p><b>1) Allgemeines<\/b><\/p>\n<p>a. Diese Allgemeinen Gesch\u00e4ftsbedingungen (im Folgenden AGB) regeln die Rechte und Pflichten der Firma \u201eMete Personal e.U.\u201c und des Vertragspartners, im Folgenden kurz \u201eKunde\u201c genannt, im Zusammenhang mit der Erbringung von Leistungen im Bereich der Personalvermittlung. Dies auch dann, wenn in den jeweiligen Vertr\u00e4gen nicht ausdr\u00fccklich auf diese AGB Bezug genommen wird. Abweichende oder widersprechende AGB des Kunden sind in vollem Umfang unwirksam und werden auch durch Auftragsannahme oder AGB des Kunden nicht Vertragsinhalt. M\u00fcndliche Vereinbarungen oder von diesen Bedingungen abweichende AGB des Kunden werden nur Vertragsbestandteil, wenn Mete Personal diese ausdr\u00fccklich schriftlich best\u00e4tigt hat.<\/p>\n<p>b. Die aktuellen Fassungen unserer AGB sind jederzeit auf unserer Homepage <a href=\"https:\/\/metepersonal.com\/en\/agb\/\" target=\"_blank\" rel=\"noopener\">www.metepersonal.com<\/a> under the section Terms &amp; Conditions.<\/p>\n<p><b>2) Zustandekommen eines Vertrages<\/b><\/p>\n<p>Der Vertragsabschluss bedarf der Schriftform, um rechtwirksam zu werden. M\u00fcndlich erteilte Auftr\u00e4ge sind nur dann verbindlich, wenn Mete Personal diese schriftlich best\u00e4tigt und der Kunde nicht innerhalb einer Frist von einer Woche nach Zugang schriftlich widerspricht. Die Schriftform wird auch durch \u00dcbermittlung der Auftragsbest\u00e4tigung per E-Mail gewahrt.<\/p>\n<p><b>3) Vertragsgegenstand, Leistungsumfang und au\u00dferordentliches Vermittlungshonorar<\/b><\/p>\n<p>Der Kunde erteilt Mete Personal im Rahmen der Personalvermittlung den Auftrag, Kandidaten gegen Zahlung eines Honorars zu vermitteln. Insbesondere erstellt Mete Personal sodann in Zusammenarbeit mit Kandidaten Bewerbungsunterlagen und leitet diese zur Pr\u00fcfung, ob die Kandidaten geeignet sind, an den Kunden weiter. Auf Wunsch werden pers\u00f6nliche Vorstellungsgespr\u00e4che der Kandidaten mit dem Kunden organisiert. Zusatzausk\u00fcnfte und Referenzen werden dem Kunden bei Bedarf gerne bekannt gegeben. Der Kunde erkl\u00e4rt sich bereit, alle Informationen, die f\u00fcr die Durchf\u00fchrung des Vermittlungsauftrages erforderlich sind, zur Verf\u00fcgung zu stellen. Dies gilt vor allem f\u00fcr die Anfertigung einer Stellenbeschreibung und die Bestimmung des Anforderungsprofils. Kandidaten, die von Mete Personal vorgeschlagen werden, d\u00fcrfen ohne vertragliche Einbindung von Mete Personal innerhalb von 12 Monaten nicht direkt oder indirekt beim Kunden besch\u00e4ftigt werden. <b>Anderenfalls stellt Mete Personal ein au\u00dferordentliches Vermittlungshonorar in der H\u00f6he von 25 % des Jahresbruttogehaltes in Rechnung.<\/b> Als dem Kunden vorgeschlagen gilt ein Kandidat dann, wenn der Kunde \u2013 unabh\u00e4ngig davon durch wen und auf welche Art und Weise \u2013 davon erf\u00e4hrt, dass Mete Personal mit dem Kandidaten in Verbindung steht und einen Vorschlag des Kandidaten an den Kunden in Erw\u00e4gung zieht.<\/p>\n<p><b>4) Vertragsdauer und K\u00fcndigung<\/b><\/p>\n<div>Der Personalvermittlungsvertrag ist unbefristet. Er kann von beiden Vertragsparteien jederzeit ohne Einhaltung einer Frist gek\u00fcndigt werden. Sollten Mete Personal bis zum Beendigungszeitpunkt Kosten entstanden sein, etwa aufgrund eines pers\u00f6nlichen Vorstellungsgespr\u00e4ches eines Kandidaten, aufgrund von Inseraten oder sonstigen Leistungen von Mete Personal, sind die Kosten ohne Abzug zu erstatten.<\/div>\n<div><br><\/div>\n<div><\/div>\n<div><b>5) Honorar, F\u00e4lligkeit, Zahlungsziel<\/b><\/div>\n<div>\nDer Anspruch auf das Personalvermittlungshonorar entsteht, sobald ein Arbeitsvertrag zwischen dem Kunden und dem vermittelten Kandidaten abgeschlossen wurde. Ein Honoraranspruch entsteht auch, sollte ein durch Mete Personalvorgeschlagener Kandidat innerhalb von zw\u00f6lf Monaten vom Kunden eingestellt werden (vgl. Punkt 3. dieser AGB). F\u00fcr das Entstehen des Vermittlungshonorars ist es unerheblich, ob ein befristeter oder unbefristeter Arbeitsvertrag abgeschlossen wird oder das Arbeitsverh\u00e4ltnis sp\u00e4ter gek\u00fcndigt wird.<p><\/p>\n<\/div>\n<div>\nKommt zwischen dem Kunden und einem unserer Kandidaten ein Vertrag auf Arbeitsleistung zustande, entsteht unser Anspruch auf das vereinbarte Personalvermittlungshonorar, welches auf Basis des Brutto-Jahresgehalts des Kandidaten inkl. Sonderzahlungen, Provisionen, Pr\u00e4mien, Zulagen und Zuschl\u00e4gen, berechnet wird und 25 Prozent davon betr\u00e4gt. Rechnungen sind sofort f\u00e4llig und binnen 14 Tagen ohne Abzug zu begleichen.<p><\/p>\n<\/div>\n<div><\/div>\n<div><b>6) Vertraulichkeit, Datenschutz, Konventionalstrafe<\/b><\/div>\n<div>\nDie Kunden sind verpflichtet, s\u00e4mtliche Daten der Kandidaten sowie alle ihnen zugegangenen Informationen, auch wenn diese nicht den anzuwendenden Datenschutzgesetzen unterliegen sollten, streng vertraulich zu behandeln. Insbesondere d\u00fcrfen diese Daten und Informationen unter keinen Umst\u00e4nden an dritte Personen weitergegeben oder die Kandidaten auch nur namhaft gemacht werden.<p><\/p>\n<p>Handelt der Kunde wider diese Verpflichtung, gilt eine verschuldensunabh\u00e4ngige <b>Konventionalstrafe in der H\u00f6he des zweifachen des mit der Auftragsbest\u00e4tigung vereinbarten Honorars<\/b> als vereinbart. Die gesetzlichen Bestimmungen \u00fcber den Datenschutz werden beachtet. Es gelten die allgemeinen Datenschutzbestimmungen von Mete Personal, welche der Kunde unter <a href=\"https:\/\/metepersonal.com\/en\/datenschutzerklaerung\/\" target=\"_blank\" rel=\"noopener\">www.metepersonal.com\/datenschutzerklaerung<\/a> einsehen, speichern und ausdrucken kann.<\/p>\n<\/div>\n<div><\/div>\n<div><b>7) Gew\u00e4hrleistung und Haftung<\/b><br><b><br><\/b><\/div>\n<div>\n<div>a) Der Kunde ist verpflichtet, die Eignung der Kandidaten, die durch Mete Personal vorgeschlagen wurden, zu pr\u00fcfen. Der Kunde tr\u00e4gt mit Abschluss des Arbeitsvertrages mit dem Kandidaten die alleinige Verantwortung f\u00fcr die Auswahlentscheidung. Mete Personal haftet nicht f\u00fcr Sch\u00e4den, die sich wegen einer eventuellen Nichteignung der Kandidaten ergeben. Mete Personal haftet nur im Falle einer grob fahrl\u00e4ssigen oder vors\u00e4tzlichen Pflichtenverletzung. Im Fall der Haftung von Mete Personal wird vereinbart, dass diese mit dem vereinbarten Honorar, maximal aber mit EUR 5.000,&#8211; beschr\u00e4nkt ist. Jedenfalls ausgeschlossen wird die Haftung f\u00fcr einen entgangenen Gewinn des Kunden.<\/div>\n<div><\/div>\n<div>b) Die Kandidatenvorschl\u00e4ge und die darin enthaltenen Angaben beruhen auf Ausk\u00fcnften und Informationen der jeweiligen Kandidaten. Mete Personal \u00fcbernimmt keine Gew\u00e4hrleistung oder Haftung f\u00fcr die Richtigkeit und Vollst\u00e4ndigkeit der gelieferten Informationen (insbesondere f\u00fcr die Richtigkeit von Zeugnissen oder Dienstzeugnissen), welche vom Kandidaten oder von Dritten erteilt wurden.<\/div>\n<div><\/div>\n<div>c) Keine der Dienstleistungen von Mete Personal stellt eine Rechts- und\/oder Steuerberatung dar. In Rechts- und\/oder Steuerfragen haben die Kunden auf eigene Kosten einen jeweils zugelassenen Berater zu involvieren.<\/div>\n<div><br><\/div>\n<div><\/div>\n<div><b>8) Salvatorische Klausel<\/b><\/div>\n<div><\/div>\n<div>Sollte eine Bestimmung dieses Vertrages ung\u00fcltig oder unwirksam sein oder werden, wird dadurch die G\u00fcltigkeit der \u00fcbrigen Bestimmungen nicht ber\u00fchrt. Die Vertragspartner verpflichten sich in einem solchen Fall, die unwirksame Bestimmung durch eine dieser im wirtschaftlichen Ergebnis m\u00f6glichst nahekommenden Bestimmung zu ersetzen.<\/div>\n<div><br><\/div>\n<div><\/div>\n<div>\n<div><b>9) Sonstiges<\/b><\/div>\n<div><\/div>\n<div>Der Kunde erkl\u00e4rt sich mit der Zusendung von Angeboten und Informationen auf elektronischem Weg bzw. einer telefonischen Kontaktaufnahme durch Mete Personal ausdr\u00fccklich einverstanden.<\/div>\n<div><br><\/div>\n<div><\/div>\n<div><b>10) Anwendbares Recht und Gerichtsstand<\/b><\/div>\n<div>F\u00fcr alle Rechtsbeziehungen zwischen Mete Personal und dem Kunden gilt ausschlie\u00dflich das Recht der Republik \u00d6sterreich.<\/div>\n<div><\/div>\n<div>Bei Unternehmergesch\u00e4ften ist ausschlie\u00dflicher Gerichtsstand f\u00fcr s\u00e4mtliche Rechtsstreitigkeiten das f\u00fcr den Sitz von Mete Personal e.U. \u00f6rtlich und sachlich zust\u00e4ndige \u00f6sterreichische Gericht.<\/div>\n<div><\/div>\n<\/div>\n<\/div>\t\t\t\t\t\t\t\t<\/div>\n\t\t\t\t<\/div>\n\t\t\t\t\t<\/div>\n\t\t\t\t<\/div>\n\t\t\t\t<\/div>","protected":false},"excerpt":{"rendered":"<p>Stand: Juli 2024 Wir legen gro\u00dfen Wert auf geschlechtliche Gleichberechtigung. Aufgrund der Lesbarkeit wird in diesem Dokument jedoch nur eine Geschlechtsform gew\u00e4hlt. Dies impliziert keine Benachteiligung des jeweils anderen Geschlechts.&#46;&#46;&#46;<\/p>","protected":false},"author":1,"featured_media":0,"parent":0,"menu_order":0,"comment_status":"closed","ping_status":"closed","template":"full-width.php","meta":{"footnotes":""},"class_list":["post-2","page","type-page","status-publish","hentry"],"aioseo_notices":[],"_links":{"self":[{"href":"https:\/\/metepersonal.com\/en\/wp-json\/wp\/v2\/pages\/2","targetHints":{"allow":["GET"]}}],"collection":[{"href":"https:\/\/metepersonal.com\/en\/wp-json\/wp\/v2\/pages"}],"about":[{"href":"https:\/\/metepersonal.com\/en\/wp-json\/wp\/v2\/types\/page"}],"author":[{"embeddable":true,"href":"https:\/\/metepersonal.com\/en\/wp-json\/wp\/v2\/users\/1"}],"replies":[{"embeddable":true,"href":"https:\/\/metepersonal.com\/en\/wp-json\/wp\/v2\/comments?post=2"}],"version-history":[{"count":6,"href":"https:\/\/metepersonal.com\/en\/wp-json\/wp\/v2\/pages\/2\/revisions"}],"predecessor-version":[{"id":2854,"href":"https:\/\/metepersonal.com\/en\/wp-json\/wp\/v2\/pages\/2\/revisions\/2854"}],"wp:attachment":[{"href":"https:\/\/metepersonal.com\/en\/wp-json\/wp\/v2\/media?parent=2"}],"curies":[{"name":"wp","href":"https:\/\/api.w.org\/{rel}","templated":true}]}}